{"id":192,"date":"2019-05-08T19:47:36","date_gmt":"2019-05-08T19:47:36","guid":{"rendered":"http:\/\/www.kiiskilantila.fi\/?page_id=192"},"modified":"2020-12-16T11:58:47","modified_gmt":"2020-12-16T11:58:47","slug":"mehilaiset-2","status":"publish","type":"page","link":"https:\/\/www.kiiskilantila.fi\/?page_id=192","title":{"rendered":"Mehil\u00e4istarhaus"},"content":{"rendered":"\n<figure class=\"wp-block-image size-large\"><a href=\"http:\/\/www.kiiskilantila.fi\/wp-content\/uploads\/2020\/12\/DSC_2246-scaled.jpg\"><img decoding=\"async\" loading=\"lazy\" width=\"1024\" height=\"678\" src=\"http:\/\/www.kiiskilantila.fi\/wp-content\/uploads\/2020\/12\/DSC_2246-1024x678.jpg\" alt=\"\" class=\"wp-image-322\" srcset=\"https:\/\/www.kiiskilantila.fi\/wp-content\/uploads\/2020\/12\/DSC_2246-1024x678.jpg 1024w, https:\/\/www.kiiskilantila.fi\/wp-content\/uploads\/2020\/12\/DSC_2246-300x199.jpg 300w, https:\/\/www.kiiskilantila.fi\/wp-content\/uploads\/2020\/12\/DSC_2246-768x509.jpg 768w, https:\/\/www.kiiskilantila.fi\/wp-content\/uploads\/2020\/12\/DSC_2246-1536x1017.jpg 1536w, https:\/\/www.kiiskilantila.fi\/wp-content\/uploads\/2020\/12\/DSC_2246-2048x1356.jpg 2048w\" sizes=\"(max-width: 767px) 89vw, (max-width: 1000px) 54vw, (max-width: 1071px) 543px, 580px\" \/><\/a><\/figure>\n\n\n\n<p class=\"has-text-align-left\">Onnistunut p\u00f6lytys on t\u00e4rke\u00e4\u00e4 monien kasvien olemassaololle. P\u00f6lytt\u00e4jien m\u00e4\u00e4r\u00e4 on v\u00e4hentynyt h\u00e4lytt\u00e4v\u00e4sti ja se on maailmanlaajuinen ongelma. Mehil\u00e4istarhauksella pystymme parantamaan monien kasvien elinmahdollisuuksia ja n\u00e4in monipuolistamaan ymp\u00e4rist\u00f6\u00e4. Viljelykasveilla kuten mansikalla p\u00f6lytyksen onnistuminen vaikuttaa suoraan sadon m\u00e4\u00e4r\u00e4\u00e4n ja laatuun. P\u00f6lytyksen ohessa mehil\u00e4iset valmistavat <a href=\"http:\/\/www.kiiskilantila.fi\/?page_id=25\">hunajaa<\/a> ja muita mehil\u00e4istuotteita kuten siitep\u00f6ly\u00e4, mehil\u00e4isvahaa, propolista ja pergaa.  Myyn mielell\u00e4ni my\u00f6s mehil\u00e4isyhdyskuntia ja emoja. <\/p>\n\n\n\n<p>Tarhamehil\u00e4inen on ehk\u00e4 maailman eniten tutkittu hy\u00f6nteinen. T\u00e4st\u00e4 huolimatta niiden toiminnan seuraaminen tuo ihmetyksen aiheita l\u00e4hes p\u00e4ivitt\u00e4in. Mehil\u00e4isten avulla luontoa ja vuodenaikojen vaihtelua alkaa seurata aivan eri n\u00e4k\u00f6kulmasta.<\/p>\n","protected":false},"excerpt":{"rendered":"<p>Onnistunut p\u00f6lytys on t\u00e4rke\u00e4\u00e4 monien kasvien olemassaololle. P\u00f6lytt\u00e4jien m\u00e4\u00e4r\u00e4 on v\u00e4hentynyt h\u00e4lytt\u00e4v\u00e4sti ja se on maailmanlaajuinen ongelma. Mehil\u00e4istarhauksella pystymme parantamaan monien kasvien elinmahdollisuuksia ja n\u00e4in monipuolistamaan ymp\u00e4rist\u00f6\u00e4. Viljelykasveilla kuten mansikalla p\u00f6lytyksen onnistuminen vaikuttaa suoraan sadon m\u00e4\u00e4r\u00e4\u00e4n ja laatuun. P\u00f6lytyksen ohessa mehil\u00e4iset valmistavat hunajaa ja muita mehil\u00e4istuotteita kuten siitep\u00f6ly\u00e4, mehil\u00e4isvahaa, propolista ja pergaa. Myyn mielell\u00e4ni my\u00f6s &hellip; <\/p>\n<p class=\"link-more\"><a href=\"https:\/\/www.kiiskilantila.fi\/?page_id=192\" class=\"more-link\">Jatka lukemista<span class=\"screen-reader-text\"> &#8221;Mehil\u00e4istarhaus&#8221;<\/span><\/a><\/p>\n","protected":false},"author":1,"featured_media":0,"parent":0,"menu_order":0,"comment_status":"closed","ping_status":"closed","template":"","meta":[],"_links":{"self":[{"href":"https:\/\/www.kiiskilantila.fi\/index.php?rest_route=\/wp\/v2\/pages\/192"}],"collection":[{"href":"https:\/\/www.kiiskilantila.fi\/index.php?rest_route=\/wp\/v2\/pages"}],"about":[{"href":"https:\/\/www.kiiskilantila.fi\/index.php?rest_route=\/wp\/v2\/types\/page"}],"author":[{"embeddable":true,"href":"https:\/\/www.kiiskilantila.fi\/index.php?rest_route=\/wp\/v2\/users\/1"}],"replies":[{"embeddable":true,"href":"https:\/\/www.kiiskilantila.fi\/index.php?rest_route=%2Fwp%2Fv2%2Fcomments&post=192"}],"version-history":[{"count":14,"href":"https:\/\/www.kiiskilantila.fi\/index.php?rest_route=\/wp\/v2\/pages\/192\/revisions"}],"predecessor-version":[{"id":358,"href":"https:\/\/www.kiiskilantila.fi\/index.php?rest_route=\/wp\/v2\/pages\/192\/revisions\/358"}],"wp:attachment":[{"href":"https:\/\/www.kiiskilantila.fi\/index.php?rest_route=%2Fwp%2Fv2%2Fmedia&parent=192"}],"curies":[{"name":"wp","href":"https:\/\/api.w.org\/{rel}","templated":true}]}}