{"id":209,"date":"2019-11-30T07:29:14","date_gmt":"2019-11-30T07:29:14","guid":{"rendered":"http:\/\/www.kiiskilantila.fi\/?page_id=209"},"modified":"2026-02-12T12:49:07","modified_gmt":"2026-02-12T12:49:07","slug":"lammastuotteet","status":"publish","type":"page","link":"https:\/\/www.kiiskilantila.fi\/?page_id=209","title":{"rendered":"Lammastuotteet"},"content":{"rendered":"\n<p class=\"has-medium-font-size\"><strong>Karitsan liha<\/strong><\/p>\n\n\n\n<p>Karitsan eli alle vuoden vanhan lampaan liha on v\u00e4h\u00e4rasvaista, hienosyist\u00e4 ja miedon makuista. Karitsat ovat saaneet el\u00e4\u00e4 lajityypillist\u00e4 laidunel\u00e4m\u00e4\u00e4 tuottaen laadukasta lihaa. Lampaan liha taas on aromikkaampaa. Lampaan lihan maun vivahteikkuus kertyy vuosien  my\u00f6t\u00e4. <br>Jokainen el\u00e4in on tilallamme yksil\u00f6 harvalukuisen katraamme johdosta ja toivomme ett\u00e4 ty\u00f6mme my\u00f6s maistuu asiakkaidemme ruokapy\u00f6d\u00e4ss\u00e4. T\u00e4ss\u00e4 muutama vinkki lihavalintaan:<br>Lihat on pakattu teurastamolla vakuumiin ja pakastettu varmistaaksemme lihan parhaan s\u00e4ilymisen. Jauheliha on pakattu noin kilon pakkauksiin, jotka ovat jaettavissa kahtia sulattamatta lihaa.  Luuttomat kokonaisetpaistit  sopivat uunissa kysennett\u00e4viksi vaikkapa juhlap\u00e4iv\u00e4lliselle. Luuton niska, entrecote ovat k\u00e4ytett\u00e4viss\u00e4 erilaisiin uuniruokiin ja luuttomina vaivattomia my\u00f6s paloitella. Paistikuutioista voi helposti alkuvalmisteluaikaa minimoiden loihtia maukkaan palapaistin. Ulko- ja sis\u00e4file sek\u00e4 kareet ja niskakiekot sopivat todelliseen grilliherkutteluun. <br>Lampaan ja karitsan liha taipuu moneksi. Suosittelemme l\u00e4mpim\u00e4sti kokeilemaan uusia tapoja valmistaa herkullisia aterioita. <a href=\"https:\/\/lammasyhdistys.fi\/kuluttajalle\/lammas-karitsa-liha-reseptit\/\" data-type=\"URL\" data-id=\"https:\/\/lammasyhdistys.fi\/kuluttajalle\/lammas-karitsa-liha-reseptit\/\">T\u00e4\u00e4lt\u00e4<\/a> voit mm. saada ideoita omaan keitti\u00f6\u00f6si.<\/p>\n\n\n\n<p><br>Lihan sesonkikausi ajoittuu tilallamme syksyyn, jolloin voit ennakkoon tilata my\u00f6s kokonaisen tai puolikkaan karitsan haluamallasi tavalla paloiteltuna, tuoreena tai valmiiksi pakastettuna.<\/p>\n\n\n\n<p><\/p>\n\n\n\n<p><strong>KARITSAN LIHA<\/strong><\/p>\n\n\n\n<p>Luuttomat:<\/p>\n\n\n\n<ul>\n<li><strong>Jauheliha<\/strong>; n. 1kg, <strong>21\u20ac\/kg<\/strong><\/li>\n\n\n\n<li><strong>Ulkofile<\/strong>; n. 400g, <strong>44\u20ac\/kg<\/strong><\/li>\n\n\n\n<li><strong>Sis\u00e4file<\/strong>; n. 200g (2x\/pkt), <strong>50\u20ac\/kg<\/strong><\/li>\n\n\n\n<li><strong>Entrecote<\/strong>; n. 370-500g (2x\/pkt), <strong>40\u20ac\/kg<\/strong><\/li>\n\n\n\n<li><strong>Niska<\/strong>; n. 1kg, <strong>30<strong>\u20ac\/kg<\/strong><\/strong><\/li>\n\n\n\n<li><strong>Paistikuutiot<\/strong>; n. 500-700g, <strong>29\u20ac\/kg<\/strong><\/li>\n\n\n\n<li><strong>Paisti<\/strong>; n. 1,7-2kg, <strong>32<strong>\u20ac\/kg<\/strong><\/strong><\/li>\n<\/ul>\n\n\n\n<p>Luulliset:<\/p>\n\n\n\n<ul>\n<li><strong>Kare<\/strong>; LOPPUUNMYYTY, <strong>39<strong>\u20ac\/kg<\/strong><\/strong><\/li>\n\n\n\n<li><strong>Niskakiekot<\/strong>; n. 500g, <strong>25\u20ac\/kg<\/strong><\/li>\n\n\n\n<li><strong>Potka<\/strong>; n. 900g, (2x\/pkt), <strong>20<strong>\u20ac\/kg<\/strong><\/strong><\/li>\n<\/ul>\n\n\n\n<p><strong>LAMPAAN LIHAA<\/strong> ei t\u00e4ll\u00e4 hetkell\u00e4 saatavilla<\/p>\n\n\n\n<p><strong>SIS\u00c4ELIMET<\/strong><\/p>\n\n\n\n<ul>\n<li><strong>Karitsan maksa<\/strong>; 11<strong>\u20ac\/kg<\/strong><\/li>\n<\/ul>\n\n\n\n<p class=\"has-medium-font-size\"><strong>Villatuotteet<\/strong><\/p>\n\n\n\n<ul>\n<li><strong>Talja; <\/strong>koon ja laadun mukaan,<strong> 160-190\u20ac<\/strong><\/li>\n\n\n\n<li><strong>Raakavilla, 7,50\u20ac\/kg<\/strong><\/li>\n\n\n\n<li><strong>K\u00e4sinpesty villa;<\/strong> sis\u00e4lt\u00e4\u00e4 lanoliinin, <strong>25\u20ac\/kg<\/strong><\/li>\n\n\n\n<li><strong>Karstalevy<\/strong> 50-70g <strong>8\u20ac<\/strong><\/li>\n\n\n\n<li>Pussilinen <strong>karstattua villaa<\/strong> 10g <strong>3\u20ac<\/strong><\/li>\n\n\n\n<li><strong>Kampalangat<\/strong> 100g\/vyyhti<strong> 18-21\u20ac<\/strong><\/li>\n\n\n\n<li><strong>Kuivuripallo 5\u20ac<\/strong><\/li>\n<\/ul>\n\n\n\n<p>Hinnasto on voimassa alkaen lokakuu 2025. Tuotteita on saatavilla rajoitetusti.<\/p>\n\n\n\n<div class=\"wp-block-columns is-layout-flex wp-container-7\">\n<div class=\"wp-block-column is-layout-flow\" style=\"flex-basis:100%\"><div class=\"wp-block-image\">\n<figure class=\"alignleft size-large is-resized\"><a href=\"https:\/\/www.kiiskilantila.fi\/wp-content\/uploads\/2026\/02\/IMG_20260206_113527-scaled.jpg\"><img decoding=\"async\" loading=\"lazy\" src=\"https:\/\/www.kiiskilantila.fi\/wp-content\/uploads\/2026\/02\/IMG_20260206_113527-768x1024.jpg\" alt=\"\" class=\"wp-image-460\" width=\"324\" height=\"431\" srcset=\"https:\/\/www.kiiskilantila.fi\/wp-content\/uploads\/2026\/02\/IMG_20260206_113527-768x1024.jpg 768w, https:\/\/www.kiiskilantila.fi\/wp-content\/uploads\/2026\/02\/IMG_20260206_113527-225x300.jpg 225w, https:\/\/www.kiiskilantila.fi\/wp-content\/uploads\/2026\/02\/IMG_20260206_113527-1152x1536.jpg 1152w, https:\/\/www.kiiskilantila.fi\/wp-content\/uploads\/2026\/02\/IMG_20260206_113527-1536x2048.jpg 1536w, https:\/\/www.kiiskilantila.fi\/wp-content\/uploads\/2026\/02\/IMG_20260206_113527-scaled.jpg 1920w\" sizes=\"(max-width: 324px) 100vw, 324px\" \/><\/a><\/figure><\/div>\n\n\n<div class=\"wp-block-columns is-layout-flex wp-container-3\">\n<div class=\"wp-block-column is-layout-flow\">\n<p>Taljojen v\u00e4riskaalaa<\/p>\n<\/div>\n\n\n\n<div class=\"wp-block-column is-layout-flow\">\n<p class=\"has-text-align-right\">Kuivuripalloja<\/p>\n<\/div>\n<\/div>\n\n\n\n<div class=\"wp-block-columns is-layout-flex wp-container-5\">\n<div class=\"wp-block-column is-layout-flow\">\n<figure class=\"wp-block-image size-large is-resized\"><a href=\"https:\/\/www.kiiskilantila.fi\/wp-content\/uploads\/2023\/04\/IMG20221209114005-scaled.jpg\"><img decoding=\"async\" loading=\"lazy\" src=\"https:\/\/www.kiiskilantila.fi\/wp-content\/uploads\/2023\/04\/IMG20221209114005-1024x768.jpg\" alt=\"\" class=\"wp-image-433\" width=\"355\" height=\"267\" srcset=\"https:\/\/www.kiiskilantila.fi\/wp-content\/uploads\/2023\/04\/IMG20221209114005-1024x768.jpg 1024w, https:\/\/www.kiiskilantila.fi\/wp-content\/uploads\/2023\/04\/IMG20221209114005-300x225.jpg 300w, https:\/\/www.kiiskilantila.fi\/wp-content\/uploads\/2023\/04\/IMG20221209114005-768x576.jpg 768w, https:\/\/www.kiiskilantila.fi\/wp-content\/uploads\/2023\/04\/IMG20221209114005-1536x1152.jpg 1536w, https:\/\/www.kiiskilantila.fi\/wp-content\/uploads\/2023\/04\/IMG20221209114005-2048x1536.jpg 2048w\" sizes=\"(max-width: 355px) 100vw, 355px\" \/><\/a><\/figure>\n<\/div>\n<\/div>\n<\/div>\n<\/div>\n\n\n\n<p><\/p>\n\n\n\n<div class=\"wp-block-media-text alignwide has-media-on-the-right is-stacked-on-mobile\"><div class=\"wp-block-media-text__content\">\n<h2 class=\"wp-block-heading\">Kampalangat vyyhti 100g<\/h2>\n\n\n\n<ul>\n<li>v.harmaa (II-laatu) 180m\/100g,  <strong>18\u20ac<\/strong><\/li>\n\n\n\n<li>keskiharmaa\/graffitinmusta 171m\/100g, <strong>20\u20ac<\/strong><\/li>\n\n\n\n<li>UUTUUS! valkea\/ruskea 180m\/100g, <strong>21\u20ac<\/strong><\/li>\n\n\n\n<li>karitsanvillainen musta 133m\/100g, <strong>21\u20ac<\/strong><\/li>\n<\/ul>\n<\/div><figure class=\"wp-block-media-text__media\"><img decoding=\"async\" loading=\"lazy\" width=\"1024\" height=\"661\" src=\"https:\/\/www.kiiskilantila.fi\/wp-content\/uploads\/2026\/02\/IMG_20260212_092631-1024x661.jpg\" alt=\"\" class=\"wp-image-461 size-full\" srcset=\"https:\/\/www.kiiskilantila.fi\/wp-content\/uploads\/2026\/02\/IMG_20260212_092631-1024x661.jpg 1024w, https:\/\/www.kiiskilantila.fi\/wp-content\/uploads\/2026\/02\/IMG_20260212_092631-300x194.jpg 300w, https:\/\/www.kiiskilantila.fi\/wp-content\/uploads\/2026\/02\/IMG_20260212_092631-768x496.jpg 768w, https:\/\/www.kiiskilantila.fi\/wp-content\/uploads\/2026\/02\/IMG_20260212_092631-1536x992.jpg 1536w, https:\/\/www.kiiskilantila.fi\/wp-content\/uploads\/2026\/02\/IMG_20260212_092631-2048x1323.jpg 2048w\" sizes=\"(max-width: 767px) 89vw, (max-width: 1000px) 54vw, (max-width: 1071px) 543px, 580px\" \/><\/figure><\/div>\n","protected":false},"excerpt":{"rendered":"<p>Karitsan liha Karitsan eli alle vuoden vanhan lampaan liha on v\u00e4h\u00e4rasvaista, hienosyist\u00e4 ja miedon makuista. Karitsat ovat saaneet el\u00e4\u00e4 lajityypillist\u00e4 laidunel\u00e4m\u00e4\u00e4 tuottaen laadukasta lihaa. Lampaan liha taas on aromikkaampaa. Lampaan lihan maun vivahteikkuus kertyy vuosien my\u00f6t\u00e4. Jokainen el\u00e4in on tilallamme yksil\u00f6 harvalukuisen katraamme johdosta ja toivomme ett\u00e4 ty\u00f6mme my\u00f6s maistuu asiakkaidemme ruokapy\u00f6d\u00e4ss\u00e4. T\u00e4ss\u00e4 muutama vinkki &hellip; <\/p>\n<p class=\"link-more\"><a href=\"https:\/\/www.kiiskilantila.fi\/?page_id=209\" class=\"more-link\">Jatka lukemista<span class=\"screen-reader-text\"> &#8221;Lammastuotteet&#8221;<\/span><\/a><\/p>\n","protected":false},"author":1,"featured_media":0,"parent":225,"menu_order":0,"comment_status":"closed","ping_status":"closed","template":"","meta":[],"_links":{"self":[{"href":"https:\/\/www.kiiskilantila.fi\/index.php?rest_route=\/wp\/v2\/pages\/209"}],"collection":[{"href":"https:\/\/www.kiiskilantila.fi\/index.php?rest_route=\/wp\/v2\/pages"}],"about":[{"href":"https:\/\/www.kiiskilantila.fi\/index.php?rest_route=\/wp\/v2\/types\/page"}],"author":[{"embeddable":true,"href":"https:\/\/www.kiiskilantila.fi\/index.php?rest_route=\/wp\/v2\/users\/1"}],"replies":[{"embeddable":true,"href":"https:\/\/www.kiiskilantila.fi\/index.php?rest_route=%2Fwp%2Fv2%2Fcomments&post=209"}],"version-history":[{"count":19,"href":"https:\/\/www.kiiskilantila.fi\/index.php?rest_route=\/wp\/v2\/pages\/209\/revisions"}],"predecessor-version":[{"id":464,"href":"https:\/\/www.kiiskilantila.fi\/index.php?rest_route=\/wp\/v2\/pages\/209\/revisions\/464"}],"up":[{"embeddable":true,"href":"https:\/\/www.kiiskilantila.fi\/index.php?rest_route=\/wp\/v2\/pages\/225"}],"wp:attachment":[{"href":"https:\/\/www.kiiskilantila.fi\/index.php?rest_route=%2Fwp%2Fv2%2Fmedia&parent=209"}],"curies":[{"name":"wp","href":"https:\/\/api.w.org\/{rel}","templated":true}]}}