{"id":225,"date":"2019-12-09T15:56:52","date_gmt":"2019-12-09T15:56:52","guid":{"rendered":"http:\/\/www.kiiskilantila.fi\/?page_id=225"},"modified":"2020-09-30T10:30:51","modified_gmt":"2020-09-30T10:30:51","slug":"lampaat","status":"publish","type":"page","link":"https:\/\/www.kiiskilantila.fi\/?page_id=225","title":{"rendered":"Lampaat"},"content":{"rendered":"\n<figure class=\"wp-block-image size-large\"><img decoding=\"async\" loading=\"lazy\" width=\"1024\" height=\"359\" src=\"http:\/\/www.kiiskilantila.fi\/wp-content\/uploads\/2019\/12\/harmakse-1024x359.jpg\" alt=\"\" class=\"wp-image-228\" srcset=\"https:\/\/www.kiiskilantila.fi\/wp-content\/uploads\/2019\/12\/harmakse-1024x359.jpg 1024w, https:\/\/www.kiiskilantila.fi\/wp-content\/uploads\/2019\/12\/harmakse-300x105.jpg 300w, https:\/\/www.kiiskilantila.fi\/wp-content\/uploads\/2019\/12\/harmakse-768x269.jpg 768w, https:\/\/www.kiiskilantila.fi\/wp-content\/uploads\/2019\/12\/harmakse-1536x539.jpg 1536w, https:\/\/www.kiiskilantila.fi\/wp-content\/uploads\/2019\/12\/harmakse-2048x718.jpg 2048w\" sizes=\"(max-width: 767px) 89vw, (max-width: 1000px) 54vw, (max-width: 1071px) 543px, 580px\" \/><\/figure>\n\n\n\n<p>Tilamme pelloilla ja mets\u00e4laitumella laiduntaa kainuunharmaskatras.  Kainuunharmas on paikallisiin olosuhteisiin sopeutunut suomalainen alkuper\u00e4islammasrotu, jota 2000 -luvulle asti pidettiin valkoisen Suomenlampaan harvinaisena v\u00e4rimuunnoksena. DNA- tutkimukset kuitenkin osoittivat Kainuunharmakset omaksi v\u00e4h\u00e4lukuiseksi rodukseen. Kainuunharmasten tarina oli loppua 1980 -luvulla, jolloin kannan luultiin jo kadonneen. Pertti Hankosen m\u00e4\u00e4r\u00e4tietoisen tutkimus- ja elvytysty\u00f6n johdosta n\u00e4ihin p\u00e4iviin asti on saatu s\u00e4ilym\u00e4\u00e4n seitsem\u00e4n p\u00e4ssilinjaa. Uuhia on t\u00e4t\u00e4 nyky\u00e4 suomalaisissa lampoloissa jo toista tuhatta.<\/p>\n\n\n\n<p>Kainuunharmas on keskikokoinen lammas, hieman pienempi ja v\u00e4hemm\u00e4n lihaksikas kuin pidemp\u00e4\u00e4n jalostettu Suomenlammas. Harmakset ovat hyvin hedelm\u00e4llinen rotu. P\u00e4ssikaritsat tulevat sukukypsiksi 3 kuukauden ik\u00e4\u00e4n menness\u00e4 ja uuhikaritsat 3 kuukauden t\u00e4ytytty\u00e4. Uuhet tiinehtyv\u00e4t ymp\u00e4ri vuoden ja karitsoja syntyy kerralla tavallisesti 2-4, joskus enemm\u00e4nkin. Uuhilla on yleens\u00e4 hyv\u00e4t emo-ominaisuudet ja kokenut uuhi pystyy hoitamaan kolmoset tai nelosetkin usein itse.<\/p>\n\n\n\n<p>Kainuunharmaksen villan v\u00e4ri vaihtelee valkeasta harmaan eri s\u00e4vyjen kautta mustaan. Tyypillisimm\u00e4n aikuisv\u00e4rin ollessa vaalean harmaa. Karitsat syntyv\u00e4t mustina ja harmaantuvat i\u00e4n my\u00f6t\u00e4. Jalat ja p\u00e4\u00e4 s\u00e4ilyv\u00e4t mustina, mahdollisin valkoisin merkein. Muutama prosentti harmaksista on ruskeita. Rodulle tyypillist\u00e4 on my\u00f6s nahassa ja kieless\u00e4 havaittava violettis\u00e4vy sek\u00e4 tumma peitinkarvoista muodostunut selk\u00e4siima ja p\u00e4sseill\u00e4 harjas. Harmakset ovat yleens\u00e4 sarvettomia.<\/p>\n\n\n\n<p>Kainuunharmaksen villa on hienoa tai keskihienoa, mink\u00e4 ansiosta sill\u00e4 on hyv\u00e4t k\u00e4sity\u00f6ominaisuudet ihanan v\u00e4rikirjon tuodessa oman lis\u00e4ns\u00e4.<\/p>\n\n\n\n<p>Kainuunharmasta kuvataan usein eloisaksi, uteliaaksi, yst\u00e4v\u00e4lliseksi ja helposti k\u00e4sitelt\u00e4v\u00e4ksi. T\u00e4h\u00e4n luonnehdintaan meid\u00e4n on helppo yhty\u00e4.<\/p>\n\n\n\n<p>T\u00e4st\u00e4 <a href=\"http:\/\/www.kiiskilantila.fi\/?page_id=209\">Hinnastoon<\/a><\/p>\n","protected":false},"excerpt":{"rendered":"<p>Tilamme pelloilla ja mets\u00e4laitumella laiduntaa kainuunharmaskatras. Kainuunharmas on paikallisiin olosuhteisiin sopeutunut suomalainen alkuper\u00e4islammasrotu, jota 2000 -luvulle asti pidettiin valkoisen Suomenlampaan harvinaisena v\u00e4rimuunnoksena. DNA- tutkimukset kuitenkin osoittivat Kainuunharmakset omaksi v\u00e4h\u00e4lukuiseksi rodukseen. Kainuunharmasten tarina oli loppua 1980 -luvulla, jolloin kannan luultiin jo kadonneen. Pertti Hankosen m\u00e4\u00e4r\u00e4tietoisen tutkimus- ja elvytysty\u00f6n johdosta n\u00e4ihin p\u00e4iviin asti on saatu s\u00e4ilym\u00e4\u00e4n seitsem\u00e4n &hellip; <\/p>\n<p class=\"link-more\"><a href=\"https:\/\/www.kiiskilantila.fi\/?page_id=225\" class=\"more-link\">Jatka lukemista<span class=\"screen-reader-text\"> &#8221;Lampaat&#8221;<\/span><\/a><\/p>\n","protected":false},"author":1,"featured_media":0,"parent":0,"menu_order":0,"comment_status":"closed","ping_status":"closed","template":"","meta":[],"_links":{"self":[{"href":"https:\/\/www.kiiskilantila.fi\/index.php?rest_route=\/wp\/v2\/pages\/225"}],"collection":[{"href":"https:\/\/www.kiiskilantila.fi\/index.php?rest_route=\/wp\/v2\/pages"}],"about":[{"href":"https:\/\/www.kiiskilantila.fi\/index.php?rest_route=\/wp\/v2\/types\/page"}],"author":[{"embeddable":true,"href":"https:\/\/www.kiiskilantila.fi\/index.php?rest_route=\/wp\/v2\/users\/1"}],"replies":[{"embeddable":true,"href":"https:\/\/www.kiiskilantila.fi\/index.php?rest_route=%2Fwp%2Fv2%2Fcomments&post=225"}],"version-history":[{"count":6,"href":"https:\/\/www.kiiskilantila.fi\/index.php?rest_route=\/wp\/v2\/pages\/225\/revisions"}],"predecessor-version":[{"id":294,"href":"https:\/\/www.kiiskilantila.fi\/index.php?rest_route=\/wp\/v2\/pages\/225\/revisions\/294"}],"wp:attachment":[{"href":"https:\/\/www.kiiskilantila.fi\/index.php?rest_route=%2Fwp%2Fv2%2Fmedia&parent=225"}],"curies":[{"name":"wp","href":"https:\/\/api.w.org\/{rel}","templated":true}]}}