{"id":241,"date":"2019-12-09T17:46:18","date_gmt":"2019-12-09T17:46:18","guid":{"rendered":"http:\/\/www.kiiskilantila.fi\/?page_id=241"},"modified":"2019-12-16T08:59:15","modified_gmt":"2019-12-16T08:59:15","slug":"polytyspalvelu","status":"publish","type":"page","link":"https:\/\/www.kiiskilantila.fi\/?page_id=241","title":{"rendered":"P\u00f6lytyspalvelu"},"content":{"rendered":"\n<figure class=\"wp-block-image size-large\"><img decoding=\"async\" loading=\"lazy\" width=\"1024\" height=\"280\" src=\"http:\/\/www.kiiskilantila.fi\/wp-content\/uploads\/2019\/12\/pesat-1024x280.jpg\" alt=\"\" class=\"wp-image-242\" srcset=\"https:\/\/www.kiiskilantila.fi\/wp-content\/uploads\/2019\/12\/pesat-1024x280.jpg 1024w, https:\/\/www.kiiskilantila.fi\/wp-content\/uploads\/2019\/12\/pesat-300x82.jpg 300w, https:\/\/www.kiiskilantila.fi\/wp-content\/uploads\/2019\/12\/pesat-768x210.jpg 768w, https:\/\/www.kiiskilantila.fi\/wp-content\/uploads\/2019\/12\/pesat-1536x420.jpg 1536w, https:\/\/www.kiiskilantila.fi\/wp-content\/uploads\/2019\/12\/pesat-2048x560.jpg 2048w\" sizes=\"(max-width: 767px) 89vw, (max-width: 1000px) 54vw, (max-width: 1071px) 543px, 580px\" \/><\/figure>\n\n\n\n<p>P\u00f6lytys on t\u00e4rke\u00e4\u00e4 monien viljelykasvien, marjojen ja hedelmien runsaalle ja tasalaatuiselle sadolle. Esimerkiksi mansikka, vadelma, pensasmustikka, herukat, rypsi, tattari, h\u00e4rk\u00e4papu, kumina ja omena hy\u00f6tyv\u00e4t, jos l\u00e4helt\u00e4 l\u00f6ytyy mehil\u00e4ispesi\u00e4. Hyvin onnistunut p\u00f6lytys tuottaa paremman sadon. Marjat ovat suurempia ja parempi laatuisia. Mansikalla ja vadelmalla mehil\u00e4isi\u00e4 voidaan k\u00e4ytt\u00e4\u00e4 harmaahomeen biologisessa torjunnassa. <\/p>\n\n\n\n<p>P\u00f6lytyspalvelulla tarkoitetaan sit\u00e4, ett\u00e4 mehil\u00e4istarhaaja tuo mehil\u00e4isyhdyskuntia p\u00f6lytt\u00e4m\u00e4\u00e4n esimerkiksi mansikkaviljelmi\u00e4. Mehil\u00e4istarhaaja saa palvelusta korvauksen ja viljelij\u00e4 saa suuremman ja parempi laatuisen sadon. Viljelij\u00e4n on syyt\u00e4 ottaa huomioon, ett\u00e4 mehil\u00e4isten l\u00e4sn\u00e4olo viljelmill\u00e4 asettaa rajoituksia kasvinsuojeluaineiden k\u00e4ytt\u00f6\u00f6n, sill\u00e4 ei liene kenenk\u00e4\u00e4n edunmukaista myrkytt\u00e4\u00e4 p\u00f6lytt\u00e4vi\u00e4 yst\u00e4vi\u00e4mme. <\/p>\n\n\n\n<p>Mehil\u00e4inen on tehokas p\u00f6lytt\u00e4j\u00e4. Mehil\u00e4ispes\u00e4ss\u00e4 on 20 000 &#8211; 75 000 mehil\u00e4ist\u00e4, joista p\u00f6lytt\u00e4vi\u00e4 on 5000 &#8211; 15 000 yksil\u00f6\u00e4. Mehil\u00e4inen tekee enint\u00e4\u00e4n 7 lentoa vuorokaudessa ja vierailee lentonsa aikana noin 100 kukassa.  Vuorokauden aikana siis yhden yhdyskunnan mehil\u00e4iset vierailevat useammassa miljoonassa kukassa.<\/p>\n\n\n\n<p>Mansikalla ja vadelmalla mehil\u00e4isi\u00e4 voidaan k\u00e4ytt\u00e4\u00e4 harmaahomeen biologisessa torjunnassa.  Mehil\u00e4ispes\u00e4n lentoaukolle asennetaan levitin, jonka kautta kuljettuaan mehil\u00e4inen kuljettaa torjunta-aineen suoraan kukkaan. Viljelij\u00e4n on mahdollista hakea biologiseen harmaahometorjuntaan ymp\u00e4rist\u00f6tukea. <\/p>\n\n\n\n<p>Mik\u00e4li haluat mehil\u00e4iset p\u00f6lytt\u00e4m\u00e4\u00e4n viljelm\u00e4si kannattaa olla hyviss\u00e4 ajoin yhteydess\u00e4. Lis\u00e4tietoa l\u00f6yd\u00e4t osoitteesta <a href=\"http:\/\/polytys.fi\">http:\/\/polytys.fi<\/a>.<\/p>\n\n\n\n<figure class=\"wp-block-image size-large\"><img decoding=\"async\" loading=\"lazy\" width=\"1024\" height=\"469\" src=\"http:\/\/www.kiiskilantila.fi\/wp-content\/uploads\/2019\/12\/mehi-1024x469.jpg\" alt=\"\" class=\"wp-image-251\" srcset=\"https:\/\/www.kiiskilantila.fi\/wp-content\/uploads\/2019\/12\/mehi-1024x469.jpg 1024w, https:\/\/www.kiiskilantila.fi\/wp-content\/uploads\/2019\/12\/mehi-300x137.jpg 300w, https:\/\/www.kiiskilantila.fi\/wp-content\/uploads\/2019\/12\/mehi-768x352.jpg 768w, https:\/\/www.kiiskilantila.fi\/wp-content\/uploads\/2019\/12\/mehi-1536x703.jpg 1536w, https:\/\/www.kiiskilantila.fi\/wp-content\/uploads\/2019\/12\/mehi-2048x938.jpg 2048w\" sizes=\"(max-width: 767px) 89vw, (max-width: 1000px) 54vw, (max-width: 1071px) 543px, 580px\" \/><figcaption>Mehil\u00e4isi\u00e4mme suorittamassa p\u00f6lytysurakkaa ja biologista harmaahometorjuntaa mansikkatilalla.<\/figcaption><\/figure>\n","protected":false},"excerpt":{"rendered":"<p>P\u00f6lytys on t\u00e4rke\u00e4\u00e4 monien viljelykasvien, marjojen ja hedelmien runsaalle ja tasalaatuiselle sadolle. Esimerkiksi mansikka, vadelma, pensasmustikka, herukat, rypsi, tattari, h\u00e4rk\u00e4papu, kumina ja omena hy\u00f6tyv\u00e4t, jos l\u00e4helt\u00e4 l\u00f6ytyy mehil\u00e4ispesi\u00e4. Hyvin onnistunut p\u00f6lytys tuottaa paremman sadon. Marjat ovat suurempia ja parempi laatuisia. Mansikalla ja vadelmalla mehil\u00e4isi\u00e4 voidaan k\u00e4ytt\u00e4\u00e4 harmaahomeen biologisessa torjunnassa. P\u00f6lytyspalvelulla tarkoitetaan sit\u00e4, ett\u00e4 mehil\u00e4istarhaaja tuo &hellip; <\/p>\n<p class=\"link-more\"><a href=\"https:\/\/www.kiiskilantila.fi\/?page_id=241\" class=\"more-link\">Jatka lukemista<span class=\"screen-reader-text\"> &#8221;P\u00f6lytyspalvelu&#8221;<\/span><\/a><\/p>\n","protected":false},"author":1,"featured_media":0,"parent":192,"menu_order":0,"comment_status":"closed","ping_status":"closed","template":"","meta":[],"_links":{"self":[{"href":"https:\/\/www.kiiskilantila.fi\/index.php?rest_route=\/wp\/v2\/pages\/241"}],"collection":[{"href":"https:\/\/www.kiiskilantila.fi\/index.php?rest_route=\/wp\/v2\/pages"}],"about":[{"href":"https:\/\/www.kiiskilantila.fi\/index.php?rest_route=\/wp\/v2\/types\/page"}],"author":[{"embeddable":true,"href":"https:\/\/www.kiiskilantila.fi\/index.php?rest_route=\/wp\/v2\/users\/1"}],"replies":[{"embeddable":true,"href":"https:\/\/www.kiiskilantila.fi\/index.php?rest_route=%2Fwp%2Fv2%2Fcomments&post=241"}],"version-history":[{"count":5,"href":"https:\/\/www.kiiskilantila.fi\/index.php?rest_route=\/wp\/v2\/pages\/241\/revisions"}],"predecessor-version":[{"id":279,"href":"https:\/\/www.kiiskilantila.fi\/index.php?rest_route=\/wp\/v2\/pages\/241\/revisions\/279"}],"up":[{"embeddable":true,"href":"https:\/\/www.kiiskilantila.fi\/index.php?rest_route=\/wp\/v2\/pages\/192"}],"wp:attachment":[{"href":"https:\/\/www.kiiskilantila.fi\/index.php?rest_route=%2Fwp%2Fv2%2Fmedia&parent=241"}],"curies":[{"name":"wp","href":"https:\/\/api.w.org\/{rel}","templated":true}]}}